{"id":220,"date":"2015-05-10T12:58:54","date_gmt":"2015-05-10T16:58:54","guid":{"rendered":"http:\/\/guyboulet.net\/wp\/?page_id=220"},"modified":"2025-02-25T14:30:38","modified_gmt":"2025-02-25T19:30:38","slug":"publications","status":"publish","type":"page","link":"https:\/\/guyboulet.net\/wp\/?page_id=220","title":{"rendered":"Publications"},"content":{"rendered":"<p style=\"color: #000066; font-size: 12px; font-weight: bold;\">2016<\/p>\n<p class=\"art-title\"><a href=\"http:\/\/elearnmag.acm.org\/archive.cfm?aid=3013524\">Gamification Is Simply Bells and Whistles (eLearn magazine, novembre 2016)<\/a><\/p>\n<p><a href=\"_wp_link_placeholder\" data-wplink-edit=\"true\">Gamification Of Learning: 3 Things We Learn From Pok\u00e9mon GO (eLearning Industry, septembre 2016)<\/a><\/p>\n<p class=\"art-title\"><a href=\"https:\/\/elearningindustry.com\/gamification-and-motivation-content-matters\">Gamification And Motivation: It\u2019s The Content That Matters, Not The Container (eLearning Industry, juillet 2016)<\/a><\/p>\n<p style=\"color: #000066; font-size: 12px; font-weight: bold;\">2015<\/p>\n<p><a href=\"http:\/\/elearningindustry.com\/difference-between-knowledge-and-skills-knowing-not-make-skilled\" target=\"_blank\" rel=\"noopener noreferrer\">The Difference Between Knowledge and Skills: Knowing Does Not Make You Skilled (eLearning Industry, octobre 2015)<\/a><\/p>\n<p style=\"color: #000066; font-size: 12px; font-weight: bold;\">2012<\/p>\n<p><a href=\"http:\/\/elearnmag.acm.org\/featured.cfm?aid=2421596\">Gamification: The Latest buzzword and the Next Fad (eLearn Magazine, d\u00e9cembre 2012)<\/a><a href=\"http:\/\/elearnmag.acm.org\/opinions.cfm?aid=2145884\" target=\"_blank\" rel=\"noopener noreferrer\"><br \/>\nRapid eLearning: Building a House Without an Architect (eLearn Magazine, F\u00e9vrier 2012)<\/a><\/p>\n<p style=\"color: #000066; font-size: 12px; font-weight: bold;\">2011<\/p>\n<p style=\"color: #000066; font-weight: normal;\"><a href=\"http:\/\/guyboulet.net\/wp\/wp-content\/uploads\/2012\/02\/DevelopingSpatialKnowledgeThroughVirtualEnvironments.pdf\" target=\"_blank\" rel=\"noopener noreferrer\">Developing Spatial Knowledge Through Virtual Environments<\/a><\/p>\n<p style=\"color: #000066; font-size: 12px; font-weight: bold;\">2010<\/p>\n<p style=\"color: #000066; font-weight: normal;\"><a href=\"http:\/\/guyboulet.net\/wp\/wp-content\/uploads\/2012\/02\/SG_User_Perception.pdf\">Serious Games: How Are They Perceived by the End Users<\/a><\/p>\n<p style=\"color: #000066; font-size: 12px; font-weight: bold;\">2009<\/p>\n<p style=\"color: #000066; ; font-weight: normal;\"><a href=\"http:\/\/www.elearnmag.org\/subpage.cfm?section=articles&amp;article=93-1\" target=\"_blank\" rel=\"noopener noreferrer\">Knowledge Transfer from Virtual Environments\u00a0(eLearn Magazine, Ao\u00fbt 2009)<\/a><\/p>\n<p style=\"color: #0000ff; ; font-weight: normal;\"><a href=\"http:\/\/guyboulet.net\/wp\/wp-content\/uploads\/2012\/02\/VE_Training.pdf\" target=\"_blank\" rel=\"noopener noreferrer\">How Can We Ensure Transfer of Valuable Knowledge from Training in Virtual Environments<\/a><\/p>\n<p style=\"color: #0000ff; ; font-weight: normal;\"><a href=\"http:\/\/guyboulet.net\/wp\/wp-content\/uploads\/2012\/02\/Rapid_prototyping.pdf\" target=\"_blank\" rel=\"noopener noreferrer\">Rapid prototyping: an efficient way to collaboratively design and develop e-learning content.<\/a><\/p>\n<p style=\"color: #000066; font-size: 12px; font-weight: bold;\">2008<\/p>\n<p><a href=\"http:\/\/guyboulet.net\/wp\/wp-content\/uploads\/2012\/02\/Memoire_FAD_Boulet.pdf\" target=\"_blank\" rel=\"noopener noreferrer\">L&#8217;\u00e9tablissement d&#8217;un centre d&#8217;excellence en apprentissage \u00e0 distance: l&#8217;exp\u00e9rience de la Marine canadienne<\/a> <a href=\"http:\/\/guyboulet.net\/wp\/wp-content\/uploads\/2012\/02\/Memoire_FAD_Boulet.pdf\" target=\"_blank\" rel=\"noopener noreferrer\">(M\u00e9moire de maitrise)<\/a><\/p>\n<p><a href=\"http:\/\/guyboulet.net\/wp\/wp-content\/uploads\/2012\/02\/Web20_informel.pdf\" target=\"_blank\" rel=\"noopener noreferrer\">Le Web 2.0 comme outil d&#8217;apprentissage informel<\/a><\/p>\n<p><a href=\"http:\/\/guyboulet.net\/wp\/wp-content\/uploads\/2012\/02\/Memoire_TELUQ-UQAM_Boulet.pdf\" target=\"_blank\" rel=\"noopener noreferrer\">Il faut plus que s&#8217;aider mutuellement &#8211; M\u00e9moire sur le rattachement T\u00c9LUQ\/UQAM<\/a><\/p>\n<p><a href=\"http:\/\/guyboulet.net\/wp\/wp-content\/uploads\/2012\/02\/Web20.pdf\" target=\"_blank\" rel=\"noopener noreferrer\">Les applications p\u00e9dagogiques des outils du Web 2.0<\/a><\/p>\n<p style=\"color: #000066; font-size: 12px; font-weight: bold;\">2006<\/p>\n<p><a href=\"http:\/\/guyboulet.net\/wp\/wp-content\/uploads\/2012\/02\/AD_Mil.pdf\" target=\"_blank\" rel=\"noopener noreferrer\">L&#8217;apprentissage \u00e0 distance dans les organisations militaires<\/a><\/p>\n<p><a href=\"http:\/\/guyboulet.net\/wp\/wp-content\/uploads\/2012\/02\/AD_Marine.pdf\" target=\"_blank\" rel=\"noopener noreferrer\">La situation de l&#8217;apprentissage \u00e0 distance dans la Marine canadienne<\/a><\/p>\n","protected":false},"excerpt":{"rendered":"<p>2016 Gamification Is Simply Bells and Whistles (eLearn magazine, novembre 2016) Gamification Of Learning: 3 Things We Learn From Pok\u00e9mon GO (eLearning Industry, septembre 2016) Gamification And Motivation: It\u2019s The Content That Matters, Not The Container (eLearning Industry, juillet 2016)&hellip;<\/p>\n<p class=\"more-link-p\"><a class=\"more-link\" href=\"https:\/\/guyboulet.net\/wp\/?page_id=220\">Read more &rarr;<\/a><\/p>\n","protected":false},"author":1,"featured_media":0,"parent":0,"menu_order":0,"comment_status":"closed","ping_status":"open","template":"","meta":{"footnotes":""},"class_list":["post-220","page","type-page","status-publish","hentry"],"_links":{"self":[{"href":"https:\/\/guyboulet.net\/wp\/index.php?rest_route=\/wp\/v2\/pages\/220","targetHints":{"allow":["GET"]}}],"collection":[{"href":"https:\/\/guyboulet.net\/wp\/index.php?rest_route=\/wp\/v2\/pages"}],"about":[{"href":"https:\/\/guyboulet.net\/wp\/index.php?rest_route=\/wp\/v2\/types\/page"}],"author":[{"embeddable":true,"href":"https:\/\/guyboulet.net\/wp\/index.php?rest_route=\/wp\/v2\/users\/1"}],"replies":[{"embeddable":true,"href":"https:\/\/guyboulet.net\/wp\/index.php?rest_route=%2Fwp%2Fv2%2Fcomments&post=220"}],"version-history":[{"count":5,"href":"https:\/\/guyboulet.net\/wp\/index.php?rest_route=\/wp\/v2\/pages\/220\/revisions"}],"predecessor-version":[{"id":246,"href":"https:\/\/guyboulet.net\/wp\/index.php?rest_route=\/wp\/v2\/pages\/220\/revisions\/246"}],"wp:attachment":[{"href":"https:\/\/guyboulet.net\/wp\/index.php?rest_route=%2Fwp%2Fv2%2Fmedia&parent=220"}],"curies":[{"name":"wp","href":"https:\/\/api.w.org\/{rel}","templated":true}]}}