{"id":224,"date":"2015-05-10T13:05:46","date_gmt":"2015-05-10T17:05:46","guid":{"rendered":"http:\/\/guyboulet.net\/wp\/?page_id=224"},"modified":"2025-02-25T14:30:10","modified_gmt":"2025-02-25T19:30:10","slug":"a-propos","status":"publish","type":"page","link":"https:\/\/guyboulet.net\/wp\/?page_id=224","title":{"rendered":"\u00c0 propos"},"content":{"rendered":"<p>Je suis impliqu\u00e9 en formation professionnelle depuis plus de 25 ans. J&#8217;ai d\u00e9but\u00e9 au sein de la <a href=\"http:\/\/www.navy.forces.gc.ca\" target=\"_blank\">Marine canadienne<\/a> comme instructeur et j&#8217;ai aussi servi comme directeur de cours, directeur de l&#8217;instruction et superviseur des normes d&#8217;instruction. En 2004, j&#8217;ai supervis\u00e9 la mise sur pied du <a href=\"http:\/\/www.navy.forces.gc.ca\/elearning\/\" target=\"_blank\">centre d&#8217;excellence de la Marine canadienne pour l&#8217;apprentissage \u00e0 distance<\/a>, ce qui m&#8217;a amen\u00e9 \u00e0 participer \u00e0 plusieurs groupes de travail au niveau national et \u00e0 contribuer au projet de <a href=\"http:\/\/www.cmp-cpm.forces.gc.ca\/dln-rad\/index-fra.asp\" target=\"_blank\">R\u00e9seau d&#8217;apprentissage de la d\u00e9fense<\/a>. De juin 2007 \u00e0 mars 2009, j&#8217;ai \u00e9t\u00e9 suis conseiller en formation pour le <a href=\"http:\/\/www.pmgde.ulaval.ca\" target=\"_blank\">projet de modernisation de la gestion des \u00e9tudes de l&#8217;Universit\u00e9 Laval<\/a>. Je suis, depuis avril 2009, concepteur elearning pour le minist\u00e8re de la d\u00e9fense nationale.<\/p>\n<p>J&#8217;ai obtenu un bacalaur\u00e9at en relations industrielles de l&#8217;<a href=\"http:\/\/www.ulaval.ca\" target=\"_blank\">Universit\u00e9 Laval<\/a> (1990), un certificat en administration de la <a href=\"http:\/\/www.teluq.uquebec.ca\" target=\"_blank\">T\u00e9l\u00e9-universit\u00e9<\/a> (2000) et je d\u00e9tiens une ma\u00eetrise en formation \u00e0 distance \u00e9galement \u00e0 la <a href=\"http:\/\/www.teluq.uquebec.ca\" target=\"_blank\">T\u00e9l\u00e9-universit\u00e9<\/a> (2008).<\/p>\n<p>Je suis un membre actif de la <a href=\"http:\/\/www.navres.forces.gc.ca\" target=\"_blank\">R\u00e9serve navale<\/a> o\u00f9 je d\u00e9tiens le grade de lieutenant de vaisseau. J&#8217;offre aussi mes services conseils en e-learning aux petites et moyennes entreprises.<\/p>\n<p>&nbsp;<\/p>\n<p style=\"font-weight: bold; font-size: 18px; color: #334455; font-family: Arial,Helvetica,sans-serif;\">Accomplissements r\u00e9cents<\/p>\n<p>Voici une liste des derniers projets dans lesquels j&#8217;ai \u00e9t\u00e9 impliqu\u00e9:<\/p>\n<ul>\n<li>Octobre 2004 &#8211; juin 2007: Mise en place du Centre d&#8217;excellence en apprentissage \u00e0 distance de la Marine canadienne.<\/li>\n<li>Juillet 2005 &#8211; novembre 2005: \u00c9laboration du plan d&#8217;implantation du e-learning pour la marine canadienne.<\/li>\n<li>Mars 2006 &#8211; juin 2007: \u00c9laboration de la strat\u00e9gie de la Marine canadienne pour l&#8217;appentissage virtuel.<\/li>\n<li>Octobre 2006 &#8211; juin 2007: Conception du portail <a href=\"http:\/\/www.ecampus.forces.gc.ca\" target=\"_blank\">eCampus de la Marine canadienne<\/a>.<\/li>\n<li>Juin 2007 &#8211; mars 2009: Conception et gestion du programme de formation pour le <a href=\"http:\/\/www.pmgde.ulaval.ca\" target=\"_blank\">Projet de modernisation de la gestion des \u00e9tudes de l&#8217;Universit\u00e9 Laval<\/a>.<\/li>\n<li>Avril 2009 &#8211; mai 2011: Conception du <a href=\"http:\/\/www.navy.forces.gc.ca\/elearning\/francais\/mcdv_f.shtml\" target=\"_blank\">Sous-marin virtuel de Classe Victoria<\/a> pour la Marine Royale canadienne.<\/li>\n<li>Mars 2012- 2e Place cat\u00e9gorie Familiarisation au Federal Virtual World Challenge.<\/li>\n<\/ul>\n","protected":false},"excerpt":{"rendered":"<p>Je suis impliqu\u00e9 en formation professionnelle depuis plus de 25 ans. J&#8217;ai d\u00e9but\u00e9 au sein de la Marine canadienne comme instructeur et j&#8217;ai aussi servi comme directeur de cours, directeur de l&#8217;instruction et superviseur des normes d&#8217;instruction. En 2004, j&#8217;ai&hellip;<\/p>\n<p class=\"more-link-p\"><a class=\"more-link\" href=\"https:\/\/guyboulet.net\/wp\/?page_id=224\">Read more &rarr;<\/a><\/p>\n","protected":false},"author":1,"featured_media":0,"parent":0,"menu_order":0,"comment_status":"closed","ping_status":"open","template":"","meta":{"footnotes":""},"class_list":["post-224","page","type-page","status-publish","hentry"],"_links":{"self":[{"href":"https:\/\/guyboulet.net\/wp\/index.php?rest_route=\/wp\/v2\/pages\/224","targetHints":{"allow":["GET"]}}],"collection":[{"href":"https:\/\/guyboulet.net\/wp\/index.php?rest_route=\/wp\/v2\/pages"}],"about":[{"href":"https:\/\/guyboulet.net\/wp\/index.php?rest_route=\/wp\/v2\/types\/page"}],"author":[{"embeddable":true,"href":"https:\/\/guyboulet.net\/wp\/index.php?rest_route=\/wp\/v2\/users\/1"}],"replies":[{"embeddable":true,"href":"https:\/\/guyboulet.net\/wp\/index.php?rest_route=%2Fwp%2Fv2%2Fcomments&post=224"}],"version-history":[{"count":2,"href":"https:\/\/guyboulet.net\/wp\/index.php?rest_route=\/wp\/v2\/pages\/224\/revisions"}],"predecessor-version":[{"id":236,"href":"https:\/\/guyboulet.net\/wp\/index.php?rest_route=\/wp\/v2\/pages\/224\/revisions\/236"}],"wp:attachment":[{"href":"https:\/\/guyboulet.net\/wp\/index.php?rest_route=%2Fwp%2Fv2%2Fmedia&parent=224"}],"curies":[{"name":"wp","href":"https:\/\/api.w.org\/{rel}","templated":true}]}}